{"id":81,"date":"2022-03-29T19:34:21","date_gmt":"2022-03-29T19:34:21","guid":{"rendered":"https:\/\/charlottelorenz.com\/?page_id=81"},"modified":"2022-04-18T15:26:42","modified_gmt":"2022-04-18T15:26:42","slug":"biografie","status":"publish","type":"page","link":"https:\/\/charlottelorenz.com\/index.php\/biografie\/","title":{"rendered":"Biografie"},"content":{"rendered":"\t\t<div data-elementor-type=\"wp-page\" data-elementor-id=\"81\" class=\"elementor elementor-81\" data-elementor-post-type=\"page\">\n\t\t\t\t\t\t<section class=\"elementor-section elementor-top-section elementor-element elementor-element-5c1a9cd elementor-section-boxed elementor-section-height-default elementor-section-height-default\" data-id=\"5c1a9cd\" data-element_type=\"section\">\n\t\t\t\t\t\t<div class=\"elementor-container elementor-column-gap-default\">\n\t\t\t\t\t<div class=\"elementor-column elementor-col-100 elementor-top-column elementor-element elementor-element-23be7d6\" data-id=\"23be7d6\" data-element_type=\"column\">\n\t\t\t<div class=\"elementor-widget-wrap elementor-element-populated\">\n\t\t\t\t\t\t<div class=\"elementor-element elementor-element-f4c0e96 elementor-widget elementor-widget-heading\" data-id=\"f4c0e96\" data-element_type=\"widget\" data-widget_type=\"heading.default\">\n\t\t\t\t<div class=\"elementor-widget-container\">\n\t\t\t\t\t<h2 class=\"elementor-heading-title elementor-size-default\">Biografie<\/h2>\t\t\t\t<\/div>\n\t\t\t\t<\/div>\n\t\t\t\t\t<\/div>\n\t\t<\/div>\n\t\t\t\t\t<\/div>\n\t\t<\/section>\n\t\t\t\t<section class=\"elementor-section elementor-top-section elementor-element elementor-element-3ba3725 elementor-section-boxed elementor-section-height-default elementor-section-height-default\" data-id=\"3ba3725\" data-element_type=\"section\">\n\t\t\t\t\t\t<div class=\"elementor-container elementor-column-gap-default\">\n\t\t\t\t\t<div class=\"elementor-column elementor-col-16 elementor-top-column elementor-element elementor-element-6190826\" data-id=\"6190826\" data-element_type=\"column\">\n\t\t\t<div class=\"elementor-widget-wrap\">\n\t\t\t\t\t\t\t<\/div>\n\t\t<\/div>\n\t\t\t\t<div class=\"elementor-column elementor-col-66 elementor-top-column elementor-element elementor-element-38a97e7\" data-id=\"38a97e7\" data-element_type=\"column\">\n\t\t\t<div class=\"elementor-widget-wrap elementor-element-populated\">\n\t\t\t\t\t\t<div class=\"elementor-element elementor-element-0ccd402 elementor-widget elementor-widget-image\" data-id=\"0ccd402\" data-element_type=\"widget\" data-widget_type=\"image.default\">\n\t\t\t\t<div class=\"elementor-widget-container\">\n\t\t\t\t\t\t\t\t\t\t\t\t\t\t\t<img fetchpriority=\"high\" decoding=\"async\" width=\"800\" height=\"534\" src=\"https:\/\/charlottelorenz.com\/wp-content\/uploads\/2022\/02\/charlyfb-1024x683.jpg\" class=\"attachment-large size-large wp-image-62\" alt=\"\" srcset=\"https:\/\/charlottelorenz.com\/wp-content\/uploads\/2022\/02\/charlyfb-1024x683.jpg 1024w, https:\/\/charlottelorenz.com\/wp-content\/uploads\/2022\/02\/charlyfb-300x200.jpg 300w, https:\/\/charlottelorenz.com\/wp-content\/uploads\/2022\/02\/charlyfb-768x512.jpg 768w, https:\/\/charlottelorenz.com\/wp-content\/uploads\/2022\/02\/charlyfb-1536x1024.jpg 1536w, https:\/\/charlottelorenz.com\/wp-content\/uploads\/2022\/02\/charlyfb.jpg 2048w\" sizes=\"(max-width: 800px) 100vw, 800px\" \/>\t\t\t\t\t\t\t\t\t\t\t\t\t\t\t<\/div>\n\t\t\t\t<\/div>\n\t\t\t\t\t<\/div>\n\t\t<\/div>\n\t\t\t\t<div class=\"elementor-column elementor-col-16 elementor-top-column elementor-element elementor-element-0f8dc7e\" data-id=\"0f8dc7e\" data-element_type=\"column\">\n\t\t\t<div class=\"elementor-widget-wrap\">\n\t\t\t\t\t\t\t<\/div>\n\t\t<\/div>\n\t\t\t\t\t<\/div>\n\t\t<\/section>\n\t\t\t\t<section class=\"elementor-section elementor-top-section elementor-element elementor-element-51b0757 elementor-section-boxed elementor-section-height-default elementor-section-height-default\" data-id=\"51b0757\" data-element_type=\"section\" data-settings=\"{&quot;motion_fx_motion_fx_scrolling&quot;:&quot;yes&quot;,&quot;motion_fx_translateY_effect&quot;:&quot;yes&quot;,&quot;motion_fx_translateY_direction&quot;:&quot;negative&quot;,&quot;motion_fx_translateY_speed&quot;:{&quot;unit&quot;:&quot;px&quot;,&quot;size&quot;:4,&quot;sizes&quot;:[]},&quot;motion_fx_translateY_affectedRange&quot;:{&quot;unit&quot;:&quot;%&quot;,&quot;size&quot;:&quot;&quot;,&quot;sizes&quot;:{&quot;start&quot;:0,&quot;end&quot;:100}},&quot;motion_fx_devices&quot;:[&quot;desktop&quot;,&quot;tablet&quot;,&quot;mobile&quot;]}\">\n\t\t\t\t\t\t<div class=\"elementor-container elementor-column-gap-default\">\n\t\t\t\t\t<div class=\"elementor-column elementor-col-25 elementor-top-column elementor-element elementor-element-fd9f0b0\" data-id=\"fd9f0b0\" data-element_type=\"column\">\n\t\t\t<div class=\"elementor-widget-wrap\">\n\t\t\t\t\t\t\t<\/div>\n\t\t<\/div>\n\t\t\t\t<div class=\"elementor-column elementor-col-50 elementor-top-column elementor-element elementor-element-edd3407\" data-id=\"edd3407\" data-element_type=\"column\">\n\t\t\t<div class=\"elementor-widget-wrap elementor-element-populated\">\n\t\t\t\t\t\t<div class=\"elementor-element elementor-element-d2c9500 elementor-widget elementor-widget-text-editor\" data-id=\"d2c9500\" data-element_type=\"widget\" data-widget_type=\"text-editor.default\">\n\t\t\t\t<div class=\"elementor-widget-container\">\n\t\t\t\t\t\t\t\t\t<h1>Biografie<\/h1><p>Charlotte Lorenz wurde in Deutschland geboren und lebt in der Schweiz. Sie interessiert sich leidenschaftlich f\u00fcr die Interpretation zeitgen\u00f6ssischer-, klassischer Kammer- und Orchestermusik, sowie deren Vermittlung in kreativen Formaten.<\/p><p>Sie studierte bei Christiane Aydintan, Jan-Hendrik R\u00fcbel, Francis Gouton, Erik Borgir und Christian Polt\u00e9ra an der Hochschule f\u00fcr Musik, Theater und Medien Hannover, der Staatlichen Hochschule f\u00fcr Musik Trossingen und der Hochschule Luzern, Musik.<\/p><p>Sie arbeitete bereits eng mit unter anderen Simon Steen-Andersen, Rebecca Saunders, Heinz Holliger und Mark Andr\u00e9 zusammen und spielte als Substitutin mit dem Ensemble Musikfabrik, sowie dem Collegium Novum Z\u00fcrich.<br \/>Sie gewann den Preis der Edwin Fischer Stiftung der Hochschule Luzern Musik, das Studienstipendium der Fondation Nicati de Luze und ist Preistr\u00e4gerin des Fritz Gerber Award des Lucerne Festivals 2022.<\/p><p>Als ehemaliges Mitglied und Solocellistin des Bundesjugendorchesters Deutschand f\u00fchrt sie ihre Leidenschaft f\u00fcr das Orchesterspiel fort. Sie war Mitglied der Jungen Oper der Staatstheater Stuttgart, sowie Praktikantin der NDR Radiophilharmonie Hannover.<\/p><p>Inspiration erhielt sie under anderem bei der International Ensemble Modern Academy, der Lucerne Festival Academy und bei zahlreichen internationalen Meisterkursen unter anderem bei Troels Svane, Gustav Rivinius, Thomas Demenga und Thomas Grossenbacher.<\/p><p>Sie ist Mitbegr\u00fcnderin des <a title=\"Dissolution Ensemble\" href=\"https:\/\/dissolutionensemble.art\/\" target=\"_blank\" rel=\"noopener\">Dissolution Ensembles<\/a> f\u00fcr zeitgen\u00f6ssische Musik mit Sitz in Luzern und arbeitet neben ihrer konzertierenden T\u00e4tigkeit als P\u00e4dagogin und Medienmanagerin freier Ensembles.<\/p><p>f<\/p>\t\t\t\t\t\t\t\t<\/div>\n\t\t\t\t<\/div>\n\t\t\t\t\t<\/div>\n\t\t<\/div>\n\t\t\t\t<div class=\"elementor-column elementor-col-25 elementor-top-column elementor-element elementor-element-8542651\" data-id=\"8542651\" data-element_type=\"column\">\n\t\t\t<div class=\"elementor-widget-wrap\">\n\t\t\t\t\t\t\t<\/div>\n\t\t<\/div>\n\t\t\t\t\t<\/div>\n\t\t<\/section>\n\t\t\t\t<section class=\"elementor-section elementor-top-section elementor-element elementor-element-3182a12 elementor-section-boxed elementor-section-height-default elementor-section-height-default\" data-id=\"3182a12\" data-element_type=\"section\">\n\t\t\t\t\t\t<div class=\"elementor-container elementor-column-gap-default\">\n\t\t\t\t\t<div class=\"elementor-column elementor-col-100 elementor-top-column elementor-element elementor-element-38511e1\" data-id=\"38511e1\" data-element_type=\"column\">\n\t\t\t<div class=\"elementor-widget-wrap elementor-element-populated\">\n\t\t\t\t\t\t<div class=\"elementor-element elementor-element-3f1e661 elementor-widget elementor-widget-spacer\" data-id=\"3f1e661\" data-element_type=\"widget\" data-widget_type=\"spacer.default\">\n\t\t\t\t<div class=\"elementor-widget-container\">\n\t\t\t\t\t\t\t<div class=\"elementor-spacer\">\n\t\t\t<div class=\"elementor-spacer-inner\"><\/div>\n\t\t<\/div>\n\t\t\t\t\t\t<\/div>\n\t\t\t\t<\/div>\n\t\t\t\t\t<\/div>\n\t\t<\/div>\n\t\t\t\t\t<\/div>\n\t\t<\/section>\n\t\t\t\t<section class=\"elementor-section elementor-top-section elementor-element elementor-element-21c4ffc elementor-section-boxed elementor-section-height-default elementor-section-height-default\" data-id=\"21c4ffc\" data-element_type=\"section\">\n\t\t\t\t\t\t<div class=\"elementor-container elementor-column-gap-default\">\n\t\t\t\t\t<div class=\"elementor-column elementor-col-33 elementor-top-column elementor-element elementor-element-72995aa\" data-id=\"72995aa\" data-element_type=\"column\">\n\t\t\t<div class=\"elementor-widget-wrap\">\n\t\t\t\t\t\t\t<\/div>\n\t\t<\/div>\n\t\t\t\t<div class=\"elementor-column elementor-col-33 elementor-top-column elementor-element elementor-element-48ffa12\" data-id=\"48ffa12\" data-element_type=\"column\">\n\t\t\t<div class=\"elementor-widget-wrap elementor-element-populated\">\n\t\t\t\t\t\t<div class=\"elementor-element elementor-element-7152fa7 elementor-widget elementor-widget-text-editor\" data-id=\"7152fa7\" data-element_type=\"widget\" data-widget_type=\"text-editor.default\">\n\t\t\t\t<div class=\"elementor-widget-container\">\n\t\t\t\t\t\t\t\t\t<p style=\"text-align: center;\">Mehr Informationen auch in den sozialen Medien<\/p>\t\t\t\t\t\t\t\t<\/div>\n\t\t\t\t<\/div>\n\t\t\t\t\t<\/div>\n\t\t<\/div>\n\t\t\t\t<div class=\"elementor-column elementor-col-33 elementor-top-column elementor-element elementor-element-956420f\" data-id=\"956420f\" data-element_type=\"column\">\n\t\t\t<div class=\"elementor-widget-wrap\">\n\t\t\t\t\t\t\t<\/div>\n\t\t<\/div>\n\t\t\t\t\t<\/div>\n\t\t<\/section>\n\t\t\t\t<section class=\"elementor-section elementor-top-section elementor-element elementor-element-d571a31 elementor-section-full_width elementor-section-height-default elementor-section-height-default\" data-id=\"d571a31\" data-element_type=\"section\">\n\t\t\t\t\t\t<div class=\"elementor-container elementor-column-gap-default\">\n\t\t\t\t\t<div class=\"elementor-column elementor-col-20 elementor-top-column elementor-element elementor-element-dee52fc\" data-id=\"dee52fc\" data-element_type=\"column\">\n\t\t\t<div class=\"elementor-widget-wrap\">\n\t\t\t\t\t\t\t<\/div>\n\t\t<\/div>\n\t\t\t\t<div class=\"elementor-column elementor-col-20 elementor-top-column elementor-element elementor-element-91c3adb\" data-id=\"91c3adb\" data-element_type=\"column\">\n\t\t\t<div class=\"elementor-widget-wrap\">\n\t\t\t\t\t\t\t<\/div>\n\t\t<\/div>\n\t\t\t\t<div class=\"elementor-column elementor-col-20 elementor-top-column elementor-element elementor-element-902bf0a\" data-id=\"902bf0a\" data-element_type=\"column\">\n\t\t\t<div class=\"elementor-widget-wrap elementor-element-populated\">\n\t\t\t\t\t\t<div class=\"elementor-element elementor-element-e337b8c elementor-shape-circle elementor-grid-0 e-grid-align-center elementor-widget elementor-widget-social-icons\" data-id=\"e337b8c\" data-element_type=\"widget\" data-widget_type=\"social-icons.default\">\n\t\t\t\t<div class=\"elementor-widget-container\">\n\t\t\t\t\t\t\t<div class=\"elementor-social-icons-wrapper elementor-grid\">\n\t\t\t\t\t\t\t<span class=\"elementor-grid-item\">\n\t\t\t\t\t<a class=\"elementor-icon elementor-social-icon elementor-social-icon-facebook elementor-repeater-item-8e10c59\" href=\"https:\/\/www.facebook.com\/chalorenz\" target=\"_blank\">\n\t\t\t\t\t\t<span class=\"elementor-screen-only\">Facebook<\/span>\n\t\t\t\t\t\t<i class=\"fab fa-facebook\"><\/i>\t\t\t\t\t<\/a>\n\t\t\t\t<\/span>\n\t\t\t\t\t\t\t<span class=\"elementor-grid-item\">\n\t\t\t\t\t<a class=\"elementor-icon elementor-social-icon elementor-social-icon-youtube elementor-repeater-item-23057e1\" href=\"https:\/\/www.youtube.com\/channel\/UCCWuBaQ3W9VWVh6Ogcx1eXw\" target=\"_blank\">\n\t\t\t\t\t\t<span class=\"elementor-screen-only\">Youtube<\/span>\n\t\t\t\t\t\t<i class=\"fab fa-youtube\"><\/i>\t\t\t\t\t<\/a>\n\t\t\t\t<\/span>\n\t\t\t\t\t\t\t<span class=\"elementor-grid-item\">\n\t\t\t\t\t<a class=\"elementor-icon elementor-social-icon elementor-social-icon-instagram elementor-repeater-item-4d7d560\" href=\"https:\/\/www.instagram.com\/cellorenz\/channel\/\" target=\"_blank\">\n\t\t\t\t\t\t<span class=\"elementor-screen-only\">Instagram<\/span>\n\t\t\t\t\t\t<i class=\"fab fa-instagram\"><\/i>\t\t\t\t\t<\/a>\n\t\t\t\t<\/span>\n\t\t\t\t\t<\/div>\n\t\t\t\t\t\t<\/div>\n\t\t\t\t<\/div>\n\t\t\t\t\t<\/div>\n\t\t<\/div>\n\t\t\t\t<div class=\"elementor-column elementor-col-20 elementor-top-column elementor-element elementor-element-030b31b\" data-id=\"030b31b\" data-element_type=\"column\">\n\t\t\t<div class=\"elementor-widget-wrap\">\n\t\t\t\t\t\t\t<\/div>\n\t\t<\/div>\n\t\t\t\t<div class=\"elementor-column elementor-col-20 elementor-top-column elementor-element elementor-element-c2f64e4\" data-id=\"c2f64e4\" data-element_type=\"column\">\n\t\t\t<div class=\"elementor-widget-wrap\">\n\t\t\t\t\t\t\t<\/div>\n\t\t<\/div>\n\t\t\t\t\t<\/div>\n\t\t<\/section>\n\t\t\t\t<\/div>\n\t\t","protected":false},"excerpt":{"rendered":"<p>Biografie Biografie Charlotte Lorenz wurde in Deutschland geboren und lebt in der Schweiz. Sie interessiert sich leidenschaftlich f\u00fcr die Interpretation zeitgen\u00f6ssischer-, klassischer Kammer- und Orchestermusik, sowie deren Vermittlung in kreativen Formaten. Sie studierte bei Christiane Aydintan, Jan-Hendrik R\u00fcbel, Francis Gouton, Erik Borgir und Christian Polt\u00e9ra an der Hochschule f\u00fcr Musik, Theater und Medien Hannover, der [&hellip;]<\/p>\n","protected":false},"author":1,"featured_media":0,"parent":0,"menu_order":0,"comment_status":"closed","ping_status":"closed","template":"","meta":{"footnotes":""},"class_list":["post-81","page","type-page","status-publish","hentry"],"aioseo_notices":[],"yoast_head":"<!-- This site is optimized with the Yoast SEO plugin v25.1 - https:\/\/yoast.com\/wordpress\/plugins\/seo\/ -->\n<title>Biografie - Charlotte Lorenz Violoncello<\/title>\n<meta name=\"robots\" content=\"index, follow, max-snippet:-1, max-image-preview:large, max-video-preview:-1\" \/>\n<link rel=\"canonical\" href=\"https:\/\/charlottelorenz.com\/index.php\/biografie\/\" \/>\n<meta property=\"og:locale\" content=\"de_DE\" \/>\n<meta property=\"og:type\" content=\"article\" \/>\n<meta property=\"og:title\" content=\"Biografie - Charlotte Lorenz Violoncello\" \/>\n<meta property=\"og:description\" content=\"Biografie Biografie Charlotte Lorenz wurde in Deutschland geboren und lebt in der Schweiz. Sie interessiert sich leidenschaftlich f\u00fcr die Interpretation zeitgen\u00f6ssischer-, klassischer Kammer- und Orchestermusik, sowie deren Vermittlung in kreativen Formaten. Sie studierte bei Christiane Aydintan, Jan-Hendrik R\u00fcbel, Francis Gouton, Erik Borgir und Christian Polt\u00e9ra an der Hochschule f\u00fcr Musik, Theater und Medien Hannover, der [&hellip;]\" \/>\n<meta property=\"og:url\" content=\"https:\/\/charlottelorenz.com\/index.php\/biografie\/\" \/>\n<meta property=\"og:site_name\" content=\"Charlotte Lorenz Violoncello\" \/>\n<meta property=\"article:modified_time\" content=\"2022-04-18T15:26:42+00:00\" \/>\n<meta property=\"og:image\" content=\"https:\/\/charlottelorenz.com\/wp-content\/uploads\/2022\/02\/charlyfb-1024x683.jpg\" \/>\n<meta name=\"twitter:card\" content=\"summary_large_image\" \/>\n<meta name=\"twitter:label1\" content=\"Gesch\u00e4tzte Lesezeit\" \/>\n\t<meta name=\"twitter:data1\" content=\"2\u00a0Minuten\" \/>\n<script type=\"application\/ld+json\" class=\"yoast-schema-graph\">{\"@context\":\"https:\/\/schema.org\",\"@graph\":[{\"@type\":\"WebPage\",\"@id\":\"https:\/\/charlottelorenz.com\/index.php\/biografie\/\",\"url\":\"https:\/\/charlottelorenz.com\/index.php\/biografie\/\",\"name\":\"Biografie - Charlotte Lorenz Violoncello\",\"isPartOf\":{\"@id\":\"https:\/\/charlottelorenz.com\/#website\"},\"primaryImageOfPage\":{\"@id\":\"https:\/\/charlottelorenz.com\/index.php\/biografie\/#primaryimage\"},\"image\":{\"@id\":\"https:\/\/charlottelorenz.com\/index.php\/biografie\/#primaryimage\"},\"thumbnailUrl\":\"https:\/\/charlottelorenz.com\/wp-content\/uploads\/2022\/02\/charlyfb-1024x683.jpg\",\"datePublished\":\"2022-03-29T19:34:21+00:00\",\"dateModified\":\"2022-04-18T15:26:42+00:00\",\"breadcrumb\":{\"@id\":\"https:\/\/charlottelorenz.com\/index.php\/biografie\/#breadcrumb\"},\"inLanguage\":\"de\",\"potentialAction\":[{\"@type\":\"ReadAction\",\"target\":[\"https:\/\/charlottelorenz.com\/index.php\/biografie\/\"]}]},{\"@type\":\"ImageObject\",\"inLanguage\":\"de\",\"@id\":\"https:\/\/charlottelorenz.com\/index.php\/biografie\/#primaryimage\",\"url\":\"https:\/\/charlottelorenz.com\/wp-content\/uploads\/2022\/02\/charlyfb.jpg\",\"contentUrl\":\"https:\/\/charlottelorenz.com\/wp-content\/uploads\/2022\/02\/charlyfb.jpg\",\"width\":2048,\"height\":1365},{\"@type\":\"BreadcrumbList\",\"@id\":\"https:\/\/charlottelorenz.com\/index.php\/biografie\/#breadcrumb\",\"itemListElement\":[{\"@type\":\"ListItem\",\"position\":1,\"name\":\"Startseite\",\"item\":\"https:\/\/charlottelorenz.com\/\"},{\"@type\":\"ListItem\",\"position\":2,\"name\":\"Biografie\"}]},{\"@type\":\"WebSite\",\"@id\":\"https:\/\/charlottelorenz.com\/#website\",\"url\":\"https:\/\/charlottelorenz.com\/\",\"name\":\"Charlotte Lorenz Violoncello\",\"description\":\"Contemporary and Classic Cello\",\"potentialAction\":[{\"@type\":\"SearchAction\",\"target\":{\"@type\":\"EntryPoint\",\"urlTemplate\":\"https:\/\/charlottelorenz.com\/?s={search_term_string}\"},\"query-input\":{\"@type\":\"PropertyValueSpecification\",\"valueRequired\":true,\"valueName\":\"search_term_string\"}}],\"inLanguage\":\"de\"}]}<\/script>\n<!-- \/ Yoast SEO plugin. -->","yoast_head_json":{"title":"Biografie - Charlotte Lorenz Violoncello","robots":{"index":"index","follow":"follow","max-snippet":"max-snippet:-1","max-image-preview":"max-image-preview:large","max-video-preview":"max-video-preview:-1"},"canonical":"https:\/\/charlottelorenz.com\/index.php\/biografie\/","og_locale":"de_DE","og_type":"article","og_title":"Biografie - Charlotte Lorenz Violoncello","og_description":"Biografie Biografie Charlotte Lorenz wurde in Deutschland geboren und lebt in der Schweiz. Sie interessiert sich leidenschaftlich f\u00fcr die Interpretation zeitgen\u00f6ssischer-, klassischer Kammer- und Orchestermusik, sowie deren Vermittlung in kreativen Formaten. Sie studierte bei Christiane Aydintan, Jan-Hendrik R\u00fcbel, Francis Gouton, Erik Borgir und Christian Polt\u00e9ra an der Hochschule f\u00fcr Musik, Theater und Medien Hannover, der [&hellip;]","og_url":"https:\/\/charlottelorenz.com\/index.php\/biografie\/","og_site_name":"Charlotte Lorenz Violoncello","article_modified_time":"2022-04-18T15:26:42+00:00","og_image":[{"url":"https:\/\/charlottelorenz.com\/wp-content\/uploads\/2022\/02\/charlyfb-1024x683.jpg","type":"","width":"","height":""}],"twitter_card":"summary_large_image","twitter_misc":{"Gesch\u00e4tzte Lesezeit":"2\u00a0Minuten"},"schema":{"@context":"https:\/\/schema.org","@graph":[{"@type":"WebPage","@id":"https:\/\/charlottelorenz.com\/index.php\/biografie\/","url":"https:\/\/charlottelorenz.com\/index.php\/biografie\/","name":"Biografie - Charlotte Lorenz Violoncello","isPartOf":{"@id":"https:\/\/charlottelorenz.com\/#website"},"primaryImageOfPage":{"@id":"https:\/\/charlottelorenz.com\/index.php\/biografie\/#primaryimage"},"image":{"@id":"https:\/\/charlottelorenz.com\/index.php\/biografie\/#primaryimage"},"thumbnailUrl":"https:\/\/charlottelorenz.com\/wp-content\/uploads\/2022\/02\/charlyfb-1024x683.jpg","datePublished":"2022-03-29T19:34:21+00:00","dateModified":"2022-04-18T15:26:42+00:00","breadcrumb":{"@id":"https:\/\/charlottelorenz.com\/index.php\/biografie\/#breadcrumb"},"inLanguage":"de","potentialAction":[{"@type":"ReadAction","target":["https:\/\/charlottelorenz.com\/index.php\/biografie\/"]}]},{"@type":"ImageObject","inLanguage":"de","@id":"https:\/\/charlottelorenz.com\/index.php\/biografie\/#primaryimage","url":"https:\/\/charlottelorenz.com\/wp-content\/uploads\/2022\/02\/charlyfb.jpg","contentUrl":"https:\/\/charlottelorenz.com\/wp-content\/uploads\/2022\/02\/charlyfb.jpg","width":2048,"height":1365},{"@type":"BreadcrumbList","@id":"https:\/\/charlottelorenz.com\/index.php\/biografie\/#breadcrumb","itemListElement":[{"@type":"ListItem","position":1,"name":"Startseite","item":"https:\/\/charlottelorenz.com\/"},{"@type":"ListItem","position":2,"name":"Biografie"}]},{"@type":"WebSite","@id":"https:\/\/charlottelorenz.com\/#website","url":"https:\/\/charlottelorenz.com\/","name":"Charlotte Lorenz Violoncello","description":"Contemporary and Classic Cello","potentialAction":[{"@type":"SearchAction","target":{"@type":"EntryPoint","urlTemplate":"https:\/\/charlottelorenz.com\/?s={search_term_string}"},"query-input":{"@type":"PropertyValueSpecification","valueRequired":true,"valueName":"search_term_string"}}],"inLanguage":"de"}]}},"_links":{"self":[{"href":"https:\/\/charlottelorenz.com\/index.php\/wp-json\/wp\/v2\/pages\/81","targetHints":{"allow":["GET"]}}],"collection":[{"href":"https:\/\/charlottelorenz.com\/index.php\/wp-json\/wp\/v2\/pages"}],"about":[{"href":"https:\/\/charlottelorenz.com\/index.php\/wp-json\/wp\/v2\/types\/page"}],"author":[{"embeddable":true,"href":"https:\/\/charlottelorenz.com\/index.php\/wp-json\/wp\/v2\/users\/1"}],"replies":[{"embeddable":true,"href":"https:\/\/charlottelorenz.com\/index.php\/wp-json\/wp\/v2\/comments?post=81"}],"version-history":[{"count":40,"href":"https:\/\/charlottelorenz.com\/index.php\/wp-json\/wp\/v2\/pages\/81\/revisions"}],"predecessor-version":[{"id":340,"href":"https:\/\/charlottelorenz.com\/index.php\/wp-json\/wp\/v2\/pages\/81\/revisions\/340"}],"wp:attachment":[{"href":"https:\/\/charlottelorenz.com\/index.php\/wp-json\/wp\/v2\/media?parent=81"}],"curies":[{"name":"wp","href":"https:\/\/api.w.org\/{rel}","templated":true}]}}